{"id":123,"date":"2018-11-13T14:36:11","date_gmt":"2018-11-13T14:36:11","guid":{"rendered":"https:\/\/themes.getmotopress.com\/palmeria\/?page_id=123"},"modified":"2023-03-24T17:21:46","modified_gmt":"2023-03-24T16:21:46","slug":"gallery","status":"publish","type":"page","link":"https:\/\/casadopomar.pt\/en\/gallery\/","title":{"rendered":"Gallery"},"content":{"rendered":"\n<figure class=\"wp-block-image size-large\"><img data-recalc-dims=\"1\" loading=\"lazy\" decoding=\"async\" width=\"672\" height=\"447\" src=\"https:\/\/i0.wp.com\/casadopomar.pt\/wp-content\/uploads\/2022\/07\/2022-12-1024x681.png?resize=672%2C447\" alt=\"\" class=\"wp-image-682\" srcset=\"https:\/\/i0.wp.com\/casadopomar.pt\/wp-content\/uploads\/2022\/07\/2022-12.png?resize=1024%2C681&amp;ssl=1 1024w, https:\/\/i0.wp.com\/casadopomar.pt\/wp-content\/uploads\/2022\/07\/2022-12.png?resize=300%2C200&amp;ssl=1 300w, https:\/\/i0.wp.com\/casadopomar.pt\/wp-content\/uploads\/2022\/07\/2022-12.png?resize=768%2C511&amp;ssl=1 768w, https:\/\/i0.wp.com\/casadopomar.pt\/wp-content\/uploads\/2022\/07\/2022-12.png?resize=1536%2C1022&amp;ssl=1 1536w, https:\/\/i0.wp.com\/casadopomar.pt\/wp-content\/uploads\/2022\/07\/2022-12.png?resize=2048%2C1362&amp;ssl=1 2048w, https:\/\/i0.wp.com\/casadopomar.pt\/wp-content\/uploads\/2022\/07\/2022-12.png?resize=892%2C594&amp;ssl=1 892w, https:\/\/i0.wp.com\/casadopomar.pt\/wp-content\/uploads\/2022\/07\/2022-12.png?resize=150%2C100&amp;ssl=1 150w, https:\/\/i0.wp.com\/casadopomar.pt\/wp-content\/uploads\/2022\/07\/2022-12.png?w=1344&amp;ssl=1 1344w\" sizes=\"auto, (max-width: 672px) 100vw, 672px\" \/><\/figure>\n\n\n\n<figure class=\"wp-block-image size-large\"><img data-recalc-dims=\"1\" loading=\"lazy\" decoding=\"async\" width=\"672\" height=\"446\" src=\"https:\/\/i0.wp.com\/casadopomar.pt\/wp-content\/uploads\/2022\/07\/2022-4-1024x679.png?resize=672%2C446\" alt=\"\" class=\"wp-image-683\" srcset=\"https:\/\/i0.wp.com\/casadopomar.pt\/wp-content\/uploads\/2022\/07\/2022-4.png?resize=1024%2C679&amp;ssl=1 1024w, https:\/\/i0.wp.com\/casadopomar.pt\/wp-content\/uploads\/2022\/07\/2022-4.png?resize=300%2C199&amp;ssl=1 300w, https:\/\/i0.wp.com\/casadopomar.pt\/wp-content\/uploads\/2022\/07\/2022-4.png?resize=768%2C510&amp;ssl=1 768w, https:\/\/i0.wp.com\/casadopomar.pt\/wp-content\/uploads\/2022\/07\/2022-4.png?resize=1536%2C1019&amp;ssl=1 1536w, https:\/\/i0.wp.com\/casadopomar.pt\/wp-content\/uploads\/2022\/07\/2022-4.png?resize=2048%2C1359&amp;ssl=1 2048w, https:\/\/i0.wp.com\/casadopomar.pt\/wp-content\/uploads\/2022\/07\/2022-4.png?resize=892%2C592&amp;ssl=1 892w, https:\/\/i0.wp.com\/casadopomar.pt\/wp-content\/uploads\/2022\/07\/2022-4.png?resize=150%2C100&amp;ssl=1 150w, https:\/\/i0.wp.com\/casadopomar.pt\/wp-content\/uploads\/2022\/07\/2022-4.png?w=1344&amp;ssl=1 1344w\" sizes=\"auto, (max-width: 672px) 100vw, 672px\" \/><\/figure>\n\n\n\n<figure class=\"wp-block-image size-large\"><img data-recalc-dims=\"1\" loading=\"lazy\" decoding=\"async\" width=\"672\" height=\"437\" src=\"https:\/\/i0.wp.com\/casadopomar.pt\/wp-content\/uploads\/2022\/07\/2022-1-1024x666.png?resize=672%2C437\" alt=\"\" class=\"wp-image-684\" srcset=\"https:\/\/i0.wp.com\/casadopomar.pt\/wp-content\/uploads\/2022\/07\/2022-1.png?resize=1024%2C666&amp;ssl=1 1024w, https:\/\/i0.wp.com\/casadopomar.pt\/wp-content\/uploads\/2022\/07\/2022-1.png?resize=300%2C195&amp;ssl=1 300w, https:\/\/i0.wp.com\/casadopomar.pt\/wp-content\/uploads\/2022\/07\/2022-1.png?resize=768%2C500&amp;ssl=1 768w, https:\/\/i0.wp.com\/casadopomar.pt\/wp-content\/uploads\/2022\/07\/2022-1.png?resize=1536%2C999&amp;ssl=1 1536w, https:\/\/i0.wp.com\/casadopomar.pt\/wp-content\/uploads\/2022\/07\/2022-1.png?resize=2048%2C1332&amp;ssl=1 2048w, https:\/\/i0.wp.com\/casadopomar.pt\/wp-content\/uploads\/2022\/07\/2022-1.png?resize=892%2C580&amp;ssl=1 892w, https:\/\/i0.wp.com\/casadopomar.pt\/wp-content\/uploads\/2022\/07\/2022-1.png?w=1344&amp;ssl=1 1344w\" sizes=\"auto, (max-width: 672px) 100vw, 672px\" \/><\/figure>\n\n\n\n<figure class=\"wp-block-image size-large is-resized\"><img data-recalc-dims=\"1\" loading=\"lazy\" decoding=\"async\" src=\"https:\/\/i0.wp.com\/casadopomar.pt\/wp-content\/uploads\/2023\/03\/CASADOPOMAR-MAFRA-16.jpg?resize=672%2C447&#038;ssl=1\" alt=\"\" class=\"wp-image-881\" width=\"672\" height=\"447\" srcset=\"https:\/\/i0.wp.com\/casadopomar.pt\/wp-content\/uploads\/2023\/03\/CASADOPOMAR-MAFRA-16.jpg?resize=1024%2C683&amp;ssl=1 1024w, https:\/\/i0.wp.com\/casadopomar.pt\/wp-content\/uploads\/2023\/03\/CASADOPOMAR-MAFRA-16.jpg?resize=300%2C200&amp;ssl=1 300w, https:\/\/i0.wp.com\/casadopomar.pt\/wp-content\/uploads\/2023\/03\/CASADOPOMAR-MAFRA-16.jpg?resize=768%2C512&amp;ssl=1 768w, https:\/\/i0.wp.com\/casadopomar.pt\/wp-content\/uploads\/2023\/03\/CASADOPOMAR-MAFRA-16.jpg?resize=1536%2C1024&amp;ssl=1 1536w, https:\/\/i0.wp.com\/casadopomar.pt\/wp-content\/uploads\/2023\/03\/CASADOPOMAR-MAFRA-16.jpg?resize=892%2C594&amp;ssl=1 892w, https:\/\/i0.wp.com\/casadopomar.pt\/wp-content\/uploads\/2023\/03\/CASADOPOMAR-MAFRA-16.jpg?resize=150%2C100&amp;ssl=1 150w, https:\/\/i0.wp.com\/casadopomar.pt\/wp-content\/uploads\/2023\/03\/CASADOPOMAR-MAFRA-16.jpg?w=2048&amp;ssl=1 2048w, https:\/\/i0.wp.com\/casadopomar.pt\/wp-content\/uploads\/2023\/03\/CASADOPOMAR-MAFRA-16.jpg?w=1344&amp;ssl=1 1344w\" sizes=\"auto, (max-width: 672px) 100vw, 672px\" \/><\/figure>\n\n\n\n<figure class=\"wp-block-image size-large\"><img data-recalc-dims=\"1\" loading=\"lazy\" decoding=\"async\" width=\"672\" height=\"449\" src=\"https:\/\/i0.wp.com\/casadopomar.pt\/wp-content\/uploads\/2022\/07\/2022-10.png?resize=672%2C449&#038;ssl=1\" alt=\"\" class=\"wp-image-708\" srcset=\"https:\/\/i0.wp.com\/casadopomar.pt\/wp-content\/uploads\/2022\/07\/2022-10.png?resize=1024%2C684&amp;ssl=1 1024w, https:\/\/i0.wp.com\/casadopomar.pt\/wp-content\/uploads\/2022\/07\/2022-10.png?resize=300%2C200&amp;ssl=1 300w, https:\/\/i0.wp.com\/casadopomar.pt\/wp-content\/uploads\/2022\/07\/2022-10.png?resize=768%2C513&amp;ssl=1 768w, https:\/\/i0.wp.com\/casadopomar.pt\/wp-content\/uploads\/2022\/07\/2022-10.png?resize=1536%2C1026&amp;ssl=1 1536w, https:\/\/i0.wp.com\/casadopomar.pt\/wp-content\/uploads\/2022\/07\/2022-10.png?resize=2048%2C1369&amp;ssl=1 2048w, https:\/\/i0.wp.com\/casadopomar.pt\/wp-content\/uploads\/2022\/07\/2022-10.png?resize=892%2C596&amp;ssl=1 892w, https:\/\/i0.wp.com\/casadopomar.pt\/wp-content\/uploads\/2022\/07\/2022-10.png?resize=150%2C100&amp;ssl=1 150w, https:\/\/i0.wp.com\/casadopomar.pt\/wp-content\/uploads\/2022\/07\/2022-10.png?w=1344&amp;ssl=1 1344w\" sizes=\"auto, (max-width: 672px) 100vw, 672px\" \/><\/figure>\n\n\n\n<figure class=\"wp-block-image size-large\"><img data-recalc-dims=\"1\" loading=\"lazy\" decoding=\"async\" width=\"672\" height=\"445\" src=\"https:\/\/i0.wp.com\/casadopomar.pt\/wp-content\/uploads\/2022\/07\/2022-9-1024x678.png?resize=672%2C445\" alt=\"\" class=\"wp-image-688\" srcset=\"https:\/\/i0.wp.com\/casadopomar.pt\/wp-content\/uploads\/2022\/07\/2022-9.png?resize=1024%2C678&amp;ssl=1 1024w, https:\/\/i0.wp.com\/casadopomar.pt\/wp-content\/uploads\/2022\/07\/2022-9.png?resize=300%2C199&amp;ssl=1 300w, https:\/\/i0.wp.com\/casadopomar.pt\/wp-content\/uploads\/2022\/07\/2022-9.png?resize=768%2C508&amp;ssl=1 768w, https:\/\/i0.wp.com\/casadopomar.pt\/wp-content\/uploads\/2022\/07\/2022-9.png?resize=1536%2C1017&amp;ssl=1 1536w, https:\/\/i0.wp.com\/casadopomar.pt\/wp-content\/uploads\/2022\/07\/2022-9.png?resize=2048%2C1356&amp;ssl=1 2048w, https:\/\/i0.wp.com\/casadopomar.pt\/wp-content\/uploads\/2022\/07\/2022-9.png?resize=892%2C590&amp;ssl=1 892w, https:\/\/i0.wp.com\/casadopomar.pt\/wp-content\/uploads\/2022\/07\/2022-9.png?resize=150%2C100&amp;ssl=1 150w, https:\/\/i0.wp.com\/casadopomar.pt\/wp-content\/uploads\/2022\/07\/2022-9.png?w=1344&amp;ssl=1 1344w\" sizes=\"auto, (max-width: 672px) 100vw, 672px\" \/><\/figure>\n\n\n\n<figure class=\"wp-block-image size-large\"><img data-recalc-dims=\"1\" loading=\"lazy\" decoding=\"async\" width=\"672\" height=\"448\" src=\"https:\/\/i0.wp.com\/casadopomar.pt\/wp-content\/uploads\/2023\/03\/CASADOPOMAR-MAFRA-2.jpg?resize=672%2C448&#038;ssl=1\" alt=\"\" class=\"wp-image-876\" srcset=\"https:\/\/i0.wp.com\/casadopomar.pt\/wp-content\/uploads\/2023\/03\/CASADOPOMAR-MAFRA-2.jpg?resize=1024%2C683&amp;ssl=1 1024w, https:\/\/i0.wp.com\/casadopomar.pt\/wp-content\/uploads\/2023\/03\/CASADOPOMAR-MAFRA-2.jpg?resize=300%2C200&amp;ssl=1 300w, https:\/\/i0.wp.com\/casadopomar.pt\/wp-content\/uploads\/2023\/03\/CASADOPOMAR-MAFRA-2.jpg?resize=768%2C512&amp;ssl=1 768w, https:\/\/i0.wp.com\/casadopomar.pt\/wp-content\/uploads\/2023\/03\/CASADOPOMAR-MAFRA-2.jpg?resize=1536%2C1024&amp;ssl=1 1536w, https:\/\/i0.wp.com\/casadopomar.pt\/wp-content\/uploads\/2023\/03\/CASADOPOMAR-MAFRA-2.jpg?resize=892%2C594&amp;ssl=1 892w, https:\/\/i0.wp.com\/casadopomar.pt\/wp-content\/uploads\/2023\/03\/CASADOPOMAR-MAFRA-2.jpg?resize=150%2C100&amp;ssl=1 150w, https:\/\/i0.wp.com\/casadopomar.pt\/wp-content\/uploads\/2023\/03\/CASADOPOMAR-MAFRA-2.jpg?w=2048&amp;ssl=1 2048w, https:\/\/i0.wp.com\/casadopomar.pt\/wp-content\/uploads\/2023\/03\/CASADOPOMAR-MAFRA-2.jpg?w=1344&amp;ssl=1 1344w\" sizes=\"auto, (max-width: 672px) 100vw, 672px\" \/><\/figure>\n\n\n\n<figure class=\"wp-block-image size-large is-resized\"><img data-recalc-dims=\"1\" loading=\"lazy\" decoding=\"async\" src=\"https:\/\/i0.wp.com\/casadopomar.pt\/wp-content\/uploads\/2022\/07\/2022-2-1024x682.png?resize=672%2C447\" alt=\"\" class=\"wp-image-691\" width=\"672\" height=\"447\" srcset=\"https:\/\/i0.wp.com\/casadopomar.pt\/wp-content\/uploads\/2022\/07\/2022-2.png?resize=1024%2C682&amp;ssl=1 1024w, https:\/\/i0.wp.com\/casadopomar.pt\/wp-content\/uploads\/2022\/07\/2022-2.png?resize=300%2C200&amp;ssl=1 300w, https:\/\/i0.wp.com\/casadopomar.pt\/wp-content\/uploads\/2022\/07\/2022-2.png?resize=768%2C512&amp;ssl=1 768w, https:\/\/i0.wp.com\/casadopomar.pt\/wp-content\/uploads\/2022\/07\/2022-2.png?resize=1536%2C1023&amp;ssl=1 1536w, https:\/\/i0.wp.com\/casadopomar.pt\/wp-content\/uploads\/2022\/07\/2022-2.png?resize=2048%2C1364&amp;ssl=1 2048w, https:\/\/i0.wp.com\/casadopomar.pt\/wp-content\/uploads\/2022\/07\/2022-2.png?resize=892%2C594&amp;ssl=1 892w, https:\/\/i0.wp.com\/casadopomar.pt\/wp-content\/uploads\/2022\/07\/2022-2.png?resize=150%2C100&amp;ssl=1 150w, https:\/\/i0.wp.com\/casadopomar.pt\/wp-content\/uploads\/2022\/07\/2022-2.png?w=1344&amp;ssl=1 1344w\" sizes=\"auto, (max-width: 672px) 100vw, 672px\" \/><\/figure>\n\n\n\n<figure class=\"wp-block-image size-large\"><img data-recalc-dims=\"1\" loading=\"lazy\" decoding=\"async\" width=\"672\" height=\"446\" src=\"https:\/\/i0.wp.com\/casadopomar.pt\/wp-content\/uploads\/2022\/07\/Snimek-obrazovky-2022-07-24-v-16.01.33.png?resize=672%2C446&#038;ssl=1\" alt=\"\" class=\"wp-image-791\" srcset=\"https:\/\/i0.wp.com\/casadopomar.pt\/wp-content\/uploads\/2022\/07\/Snimek-obrazovky-2022-07-24-v-16.01.33.png?resize=1024%2C679&amp;ssl=1 1024w, https:\/\/i0.wp.com\/casadopomar.pt\/wp-content\/uploads\/2022\/07\/Snimek-obrazovky-2022-07-24-v-16.01.33.png?resize=300%2C199&amp;ssl=1 300w, https:\/\/i0.wp.com\/casadopomar.pt\/wp-content\/uploads\/2022\/07\/Snimek-obrazovky-2022-07-24-v-16.01.33.png?resize=768%2C509&amp;ssl=1 768w, https:\/\/i0.wp.com\/casadopomar.pt\/wp-content\/uploads\/2022\/07\/Snimek-obrazovky-2022-07-24-v-16.01.33.png?resize=1536%2C1019&amp;ssl=1 1536w, https:\/\/i0.wp.com\/casadopomar.pt\/wp-content\/uploads\/2022\/07\/Snimek-obrazovky-2022-07-24-v-16.01.33.png?resize=2048%2C1358&amp;ssl=1 2048w, https:\/\/i0.wp.com\/casadopomar.pt\/wp-content\/uploads\/2022\/07\/Snimek-obrazovky-2022-07-24-v-16.01.33.png?resize=892%2C592&amp;ssl=1 892w, https:\/\/i0.wp.com\/casadopomar.pt\/wp-content\/uploads\/2022\/07\/Snimek-obrazovky-2022-07-24-v-16.01.33.png?resize=150%2C100&amp;ssl=1 150w, https:\/\/i0.wp.com\/casadopomar.pt\/wp-content\/uploads\/2022\/07\/Snimek-obrazovky-2022-07-24-v-16.01.33.png?w=1344&amp;ssl=1 1344w\" sizes=\"auto, (max-width: 672px) 100vw, 672px\" \/><\/figure>\n","protected":false},"excerpt":{"rendered":"","protected":false},"author":2,"featured_media":693,"parent":0,"menu_order":0,"comment_status":"closed","ping_status":"closed","template":"","meta":{"footnotes":""},"class_list":["post-123","page","type-page","status-publish","has-post-thumbnail","hentry"],"translation":{"provider":"WPGlobus","version":"3.0.2","language":"en","enabled_languages":["pt","en"],"languages":{"pt":{"title":true,"content":true,"excerpt":false},"en":{"title":true,"content":true,"excerpt":false}}},"jetpack-related-posts":[{"id":70,"url":"https:\/\/casadopomar.pt\/en\/welcome-to-palmeria-hotel\/get-in-touch\/","url_meta":{"origin":123,"position":0},"title":"Get in Touch","author":"Lupi Clarke","date":"13. 11. 2018","format":false,"excerpt":"{:pt} Entre em contacto connosco e fique deslumbrado com as surpresas que temos para si. D\u00ea uma espreitadela tamb\u00e9m nas nossas redes sociais deixe o seu coment\u00e1rio e fa\u00e7a a sua reserva!\u00a0 Agradecemos e apreciamos a sua opini\u00e3o e coment\u00e1rios! At\u00e9 j\u00e1! Morada R. do Pomar 3, 2640-577 Mafra, Portugal\u2026","rel":"","context":"Similar post","block_context":{"text":"Similar post","link":""},"img":{"alt_text":"","src":"https:\/\/i0.wp.com\/casadopomar.pt\/wp-content\/uploads\/2023\/03\/CASADOPOMAR-MAFRA-15.jpg?fit=1200%2C800&ssl=1&resize=350%2C200","width":350,"height":200,"srcset":"https:\/\/i0.wp.com\/casadopomar.pt\/wp-content\/uploads\/2023\/03\/CASADOPOMAR-MAFRA-15.jpg?fit=1200%2C800&ssl=1&resize=350%2C200 1x, https:\/\/i0.wp.com\/casadopomar.pt\/wp-content\/uploads\/2023\/03\/CASADOPOMAR-MAFRA-15.jpg?fit=1200%2C800&ssl=1&resize=525%2C300 1.5x, https:\/\/i0.wp.com\/casadopomar.pt\/wp-content\/uploads\/2023\/03\/CASADOPOMAR-MAFRA-15.jpg?fit=1200%2C800&ssl=1&resize=700%2C400 2x, https:\/\/i0.wp.com\/casadopomar.pt\/wp-content\/uploads\/2023\/03\/CASADOPOMAR-MAFRA-15.jpg?fit=1200%2C800&ssl=1&resize=1050%2C600 3x"},"classes":[]},{"id":166,"url":"https:\/\/casadopomar.pt\/en\/contact\/","url_meta":{"origin":123,"position":1},"title":"Contact","author":"Lupi Clarke","date":"13. 11. 2018","format":false,"excerpt":"{:pt} Estamos sempre perto de ti, \u00e0 dist\u00e2ncia de um clique, um telefonema, ou mesmo de um passeio A Casa do Pomar fica localizada na Vila de Mafra apenas 10 minutos das fant\u00e1sticas praias da Ericeira.Este projeto nasceu da Simone, uma aventureira que adora viajar e conhecer novos lugares, novas\u2026","rel":"","context":"Similar post","block_context":{"text":"Similar post","link":""},"img":{"alt_text":"","src":"https:\/\/i0.wp.com\/casadopomar.pt\/wp-content\/uploads\/2022\/07\/casadopomar-1.png?fit=1200%2C800&ssl=1&resize=350%2C200","width":350,"height":200,"srcset":"https:\/\/i0.wp.com\/casadopomar.pt\/wp-content\/uploads\/2022\/07\/casadopomar-1.png?fit=1200%2C800&ssl=1&resize=350%2C200 1x, https:\/\/i0.wp.com\/casadopomar.pt\/wp-content\/uploads\/2022\/07\/casadopomar-1.png?fit=1200%2C800&ssl=1&resize=525%2C300 1.5x, https:\/\/i0.wp.com\/casadopomar.pt\/wp-content\/uploads\/2022\/07\/casadopomar-1.png?fit=1200%2C800&ssl=1&resize=700%2C400 2x, https:\/\/i0.wp.com\/casadopomar.pt\/wp-content\/uploads\/2022\/07\/casadopomar-1.png?fit=1200%2C800&ssl=1&resize=1050%2C600 3x"},"classes":[]}],"jetpack_sharing_enabled":true,"_links":{"self":[{"href":"https:\/\/casadopomar.pt\/en\/wp-json\/wp\/v2\/pages\/123","targetHints":{"allow":["GET"]}}],"collection":[{"href":"https:\/\/casadopomar.pt\/en\/wp-json\/wp\/v2\/pages"}],"about":[{"href":"https:\/\/casadopomar.pt\/en\/wp-json\/wp\/v2\/types\/page"}],"author":[{"embeddable":true,"href":"https:\/\/casadopomar.pt\/en\/wp-json\/wp\/v2\/users\/2"}],"replies":[{"embeddable":true,"href":"https:\/\/casadopomar.pt\/en\/wp-json\/wp\/v2\/comments?post=123"}],"version-history":[{"count":12,"href":"https:\/\/casadopomar.pt\/en\/wp-json\/wp\/v2\/pages\/123\/revisions"}],"predecessor-version":[{"id":888,"href":"https:\/\/casadopomar.pt\/en\/wp-json\/wp\/v2\/pages\/123\/revisions\/888"}],"wp:featuredmedia":[{"embeddable":true,"href":"https:\/\/casadopomar.pt\/en\/wp-json\/wp\/v2\/media\/693"}],"wp:attachment":[{"href":"https:\/\/casadopomar.pt\/en\/wp-json\/wp\/v2\/media?parent=123"}],"curies":[{"name":"wp","href":"https:\/\/api.w.org\/{rel}","templated":true}]}}