{"id":166,"date":"2018-11-13T16:35:09","date_gmt":"2018-11-13T16:35:09","guid":{"rendered":"https:\/\/themes.getmotopress.com\/palmeria\/?page_id=166"},"modified":"2023-03-11T15:14:55","modified_gmt":"2023-03-11T14:14:55","slug":"contact","status":"publish","type":"page","link":"https:\/\/casadopomar.pt\/en\/contact\/","title":{"rendered":"Contact"},"content":{"rendered":"\n<div class=\"wp-block-columns has-2-columns is-layout-flex wp-container-core-columns-is-layout-9d6595d7 wp-block-columns-is-layout-flex\">\n<div class=\"wp-block-column is-layout-flow wp-block-column-is-layout-flow\">\n<h3 class=\"wp-block-heading\">Get in Touch<\/h3>\n\n\n\n<p>Casa do Pomar is located in the village of Mafra just 10 minutes from the fantastic beaches of Ericeira.<br>This project was born from Simone, an adventurer who loves to travel and discover new places, new cultures and much more.<br>For this reason, every detail of the orchard house was thought out in detail!<\/p>\n\n\n\n<p><a href=\"https:\/\/www.google.com\/search?client=safari&amp;rls=en&amp;q=casa+do+pomar+mafra&amp;ie=UTF-8&amp;oe=UTF-8#\" target=\"_blank\" rel=\"noreferrer noopener\">+351 969 901 311<\/a><br><a href=\"mailto:casadopomarmafra@gmail.com\" target=\"_blank\" rel=\"noreferrer noopener\">casadopomarmafra@gmail.com<\/a><\/p>\n\n\n\n<p class=\"has-text-color\" style=\"color:#6e7078\">R. do Pomar 3, 2640-577 Mafra, Portugal<\/p>\n\n\n\n<figure class=\"wp-block-image size-full\"><a href=\"https:\/\/www.livroreclamacoes.pt\/Inicio\/\" target=\"_blank\" rel=\"noreferrer noopener\"><img data-recalc-dims=\"1\" loading=\"lazy\" decoding=\"async\" width=\"140\" height=\"58\" src=\"https:\/\/i0.wp.com\/casadopomar.pt\/wp-content\/uploads\/2023\/03\/reclamaciones.png?resize=140%2C58&#038;ssl=1\" alt=\"\" class=\"wp-image-858\"\/><\/a><\/figure>\n<\/div>\n\n\n\n<div class=\"wp-block-column is-layout-flow wp-block-column-is-layout-flow\">\n<h3 class=\"wp-block-heading\">Leave us a Message<\/h3>\n\n\n\n<div class=\"wp-block-contact-form-7-contact-form-selector\">\n<div class=\"wpcf7 no-js\" id=\"wpcf7-f753-o1\" lang=\"cs-CZ\" dir=\"ltr\" data-wpcf7-id=\"753\">\n<div class=\"screen-reader-response\"><p role=\"status\" aria-live=\"polite\" aria-atomic=\"true\"><\/p> <ul><\/ul><\/div>\n<form action=\"\/en\/wp-json\/wp\/v2\/pages\/166#wpcf7-f753-o1\" method=\"post\" class=\"wpcf7-form init\" aria-label=\"Kontaktn\u00ed formul\u00e1\u0159\" novalidate=\"novalidate\" data-status=\"init\">\n<fieldset class=\"hidden-fields-container\"><input type=\"hidden\" name=\"_wpcf7\" value=\"753\" \/><input type=\"hidden\" name=\"_wpcf7_version\" value=\"6.1.5\" \/><input type=\"hidden\" name=\"_wpcf7_locale\" value=\"cs_CZ\" \/><input type=\"hidden\" name=\"_wpcf7_unit_tag\" value=\"wpcf7-f753-o1\" \/><input type=\"hidden\" name=\"_wpcf7_container_post\" value=\"0\" \/><input type=\"hidden\" name=\"_wpcf7_posted_data_hash\" value=\"\" \/>\n<\/fieldset>\n<p><label> Name & Surname<br \/>\n<span class=\"wpcf7-form-control-wrap\" data-name=\"your-name\"><input size=\"40\" maxlength=\"400\" class=\"wpcf7-form-control wpcf7-text wpcf7-validates-as-required\" aria-required=\"true\" aria-invalid=\"false\" value=\"\" type=\"text\" name=\"your-name\" \/><\/span> <\/label>\n<\/p>\n<p><label> Your E-mail<br \/>\n<span class=\"wpcf7-form-control-wrap\" data-name=\"your-email\"><input size=\"40\" maxlength=\"400\" class=\"wpcf7-form-control wpcf7-email wpcf7-validates-as-required wpcf7-text wpcf7-validates-as-email\" aria-required=\"true\" aria-invalid=\"false\" value=\"\" type=\"email\" name=\"your-email\" \/><\/span> <\/label>\n<\/p>\n<p><label> Subject<br \/>\n<span class=\"wpcf7-form-control-wrap\" data-name=\"your-subject\"><input size=\"40\" maxlength=\"400\" class=\"wpcf7-form-control wpcf7-text wpcf7-validates-as-required\" aria-required=\"true\" aria-invalid=\"false\" value=\"\" type=\"text\" name=\"your-subject\" \/><\/span> <\/label>\n<\/p>\n<p><label> Your Message<br \/>\n<span class=\"wpcf7-form-control-wrap\" data-name=\"your-message\"><textarea cols=\"40\" rows=\"10\" maxlength=\"2000\" class=\"wpcf7-form-control wpcf7-textarea\" aria-invalid=\"false\" name=\"your-message\"><\/textarea><\/span> <\/label>\n<\/p>\n<p><input class=\"wpcf7-form-control wpcf7-submit has-spinner\" type=\"submit\" value=\"Send\" \/>\n<\/p><div class=\"wpcf7-response-output\" aria-hidden=\"true\"><\/div>\n<\/form>\n<\/div>\n<\/div>\n<\/div>\n<\/div>\n\n\n\n\n<style>#wprev-slider-1 .wprev_preview_bradius_T1 {border-radius: 0px;}#wprev-slider-1 .wprev_preview_bg1_T1::after{ border-top: 30px solid ; }<\/style><div class=\"wprev-no-slider\" id=\"wprev-slider-1\">\t\t<div class=\"wpairbnb_t1_outer_div w3_wprs-row-padding\">\r\n\t\t\t\t<div class=\"wpairbnb_t1_DIV_1 w3_wprs-col l4\">\r\n\t\t\t<div class=\"wpairbnb_t1_DIV_2 wprev_preview_bg1_T1 wprev_preview_bradius_T1\">\r\n\t\t\t\t<p class=\"wpairbnb_t1_P_3 wprev_preview_tcolor1_T1\">\r\n\t\t\t\t\t<span class=\"wpairbnb_star_imgs_T1\"><img data-recalc-dims=\"1\" decoding=\"async\" src=\"https:\/\/i0.wp.com\/casadopomar.pt\/wp-content\/plugins\/wp-airbnb-review-slider\/public\/partials\/imgs\/stars_5_yellow.png?w=672&#038;ssl=1\" alt=\"\" class=\"wpairbnb_t1_star_img_file\">&nbsp;&nbsp;<\/span>We liked everything! The house was very comfortable and in the good location. Special thanks to Simone for nice bottle of wine, fresh bread and super tasty jam. When we<a class='wprs_rd_more'>... read more<\/a><span class='wprs_rd_more_text' style='display:none;'> are back in Portugal we would be happy to stay here again. Everything is rated 5 star!<\/span>\t\t\t\t<\/p>\r\n\t\t\t\t<a href=\"https:\/\/www.airbnb.cz\/rooms\/605856181586235206\" target=\"_blank\" rel=\"nofollow\"><img data-recalc-dims=\"1\" decoding=\"async\" src=\"https:\/\/i0.wp.com\/casadopomar.pt\/wp-content\/plugins\/wp-airbnb-review-slider\/public\/partials\/imgs\/airbnb_outline.png?w=672&#038;ssl=1\" alt=\"\" class=\"wpairbnb_t1_airbnb_logo\"><\/a>\t\t\t<\/div><span class=\"wpairbnb_t1_A_8\"><img data-recalc-dims=\"1\" decoding=\"async\" src=\"https:\/\/i0.wp.com\/a0.muscache.com\/im\/pictures\/user\/0a1ace17-922d-4fde-b736-eb09b45d8a8e.jpg?w=672&#038;ssl=1\" alt=\"thumb\" class=\"wpairbnb_t1_IMG_4\" loading=\"lazy\" \/><\/span> <span class=\"wpairbnb_t1_SPAN_5 wprev_preview_tcolor2_T1\">Igor<br\/><span class=\"wprev_showdate_T1\">17. 10. 2022<\/span> <\/span>\r\n\t\t<\/div>\r\n\t\t\t<div class=\"wpairbnb_t1_DIV_1 w3_wprs-col l4\">\r\n\t\t\t<div class=\"wpairbnb_t1_DIV_2 wprev_preview_bg1_T1 wprev_preview_bradius_T1\">\r\n\t\t\t\t<p class=\"wpairbnb_t1_P_3 wprev_preview_tcolor1_T1\">\r\n\t\t\t\t\t<span class=\"wpairbnb_star_imgs_T1\"><img data-recalc-dims=\"1\" decoding=\"async\" src=\"https:\/\/i0.wp.com\/casadopomar.pt\/wp-content\/plugins\/wp-airbnb-review-slider\/public\/partials\/imgs\/stars_5_yellow.png?w=672&#038;ssl=1\" alt=\"\" class=\"wpairbnb_t1_star_img_file\">&nbsp;&nbsp;<\/span>Als ik meer sterren kon geven deed ik dat. Wat een heerlijk huis! Van alle gemakken voorzien, beter dan bij ons thuis. De bedden zijn erg comfortabel, veel kastruimte en<a class='wprs_rd_more'>... read more<\/a><span class='wprs_rd_more_text' style='display:none;'> in de nacht is het stil. Fijn geslapen dus. <br \/>\nDe keuken heeft alles wat je nodig hebt en meer. Buiten is het gezellig aangekleed, romantisch met allemaal fijne plekken om te zitten. De buitenkeuken met bbq was ook zo leuk! Dat geeft zo\u2019n vakantiegevoel. Het zwembad: luxe! Schoon en lekker groot. Fruit en groente in de tuin. Zucht\u2026zo mooi. We wilden niet weg \ud83d\ude41<br \/>\n<br \/>\nEn Simone? Alle lof voor haar. Ze verwelkomde ons met wijntjes en brood uit de streek. Ze hielp ons met het uitzoeken van de beste plekjes om te eten en om te zwemmen. <br \/>\n<br \/>\nWij komen erg graag terug!<br \/>\n<br \/>\nDank Simone voor deze ervaring!<\/span>\t\t\t\t<\/p>\r\n\t\t\t\t<a href=\"https:\/\/www.airbnb.cz\/rooms\/605856181586235206\" target=\"_blank\" rel=\"nofollow\"><img data-recalc-dims=\"1\" decoding=\"async\" src=\"https:\/\/i0.wp.com\/casadopomar.pt\/wp-content\/plugins\/wp-airbnb-review-slider\/public\/partials\/imgs\/airbnb_outline.png?w=672&#038;ssl=1\" alt=\"\" class=\"wpairbnb_t1_airbnb_logo\"><\/a>\t\t\t<\/div><span class=\"wpairbnb_t1_A_8\"><img data-recalc-dims=\"1\" decoding=\"async\" src=\"https:\/\/i0.wp.com\/a0.muscache.com\/im\/pictures\/user\/User\/original\/40d2beab-5c9d-4be7-8c6b-35688a090484.jpeg?w=672&#038;ssl=1\" alt=\"thumb\" class=\"wpairbnb_t1_IMG_4\" loading=\"lazy\" \/><\/span> <span class=\"wpairbnb_t1_SPAN_5 wprev_preview_tcolor2_T1\">Lianne<br\/><span class=\"wprev_showdate_T1\">10. 8. 2024<\/span> <\/span>\r\n\t\t<\/div>\r\n\t\t\t<div class=\"wpairbnb_t1_DIV_1 w3_wprs-col l4\">\r\n\t\t\t<div class=\"wpairbnb_t1_DIV_2 wprev_preview_bg1_T1 wprev_preview_bradius_T1\">\r\n\t\t\t\t<p class=\"wpairbnb_t1_P_3 wprev_preview_tcolor1_T1\">\r\n\t\t\t\t\t<span class=\"wpairbnb_star_imgs_T1\"><img data-recalc-dims=\"1\" decoding=\"async\" src=\"https:\/\/i0.wp.com\/casadopomar.pt\/wp-content\/plugins\/wp-airbnb-review-slider\/public\/partials\/imgs\/stars_5_yellow.png?w=672&#038;ssl=1\" alt=\"\" class=\"wpairbnb_t1_star_img_file\">&nbsp;&nbsp;<\/span>Tivemos uma estadia maravilhosa na Casa do Pomar! A casa est\u00e1 super bem decorada, moderna e bem equipada.<br \/>\nA limpeza de todos os espa\u00e7os estava impec\u00e1vel e as roupas de<a class='wprs_rd_more'>... read more<\/a><span class='wprs_rd_more_text' style='display:none;'> cama e toalhas tinham um cheirinho incr\u00edvel.<br \/>\nO espa\u00e7o exterior e a piscina s\u00e3o top!<br \/>\n\u00c9 uma casa linda, confort\u00e1vel e cheia de boas energias! Recomendo muito e com certeza que iremos regressar.<\/span>\t\t\t\t<\/p>\r\n\t\t\t\t<a href=\"https:\/\/www.airbnb.cz\/rooms\/605856181586235206\" target=\"_blank\" rel=\"nofollow\"><img data-recalc-dims=\"1\" decoding=\"async\" src=\"https:\/\/i0.wp.com\/casadopomar.pt\/wp-content\/plugins\/wp-airbnb-review-slider\/public\/partials\/imgs\/airbnb_outline.png?w=672&#038;ssl=1\" alt=\"\" class=\"wpairbnb_t1_airbnb_logo\"><\/a>\t\t\t<\/div><span class=\"wpairbnb_t1_A_8\"><img data-recalc-dims=\"1\" decoding=\"async\" src=\"https:\/\/i0.wp.com\/a0.muscache.com\/im\/pictures\/user\/fccb553c-9724-4950-95f9-91550693db3a.jpg?w=672&#038;ssl=1\" alt=\"thumb\" class=\"wpairbnb_t1_IMG_4\" loading=\"lazy\" \/><\/span> <span class=\"wpairbnb_t1_SPAN_5 wprev_preview_tcolor2_T1\">Carolina<br\/><span class=\"wprev_showdate_T1\">9. 10. 2022<\/span> <\/span>\r\n\t\t<\/div>\r\n\t\t<\/div>\r\n<!-- This file should primarily consist of HTML with a little bit of PHP. -->\r\n<\/div>\r\n\n","protected":false},"excerpt":{"rendered":"<p>Get in Touch Casa do Pomar is located in the village of Mafra just 10 minutes from the fantastic beaches of Ericeira.This project was born from Simone, an adventurer who loves to travel and discover new places, new cultures and much more.For this reason, every detail of the orchard house was thought out in detail! [&hellip;]<\/p>\n","protected":false},"author":2,"featured_media":642,"parent":0,"menu_order":0,"comment_status":"closed","ping_status":"closed","template":"template-wide-page.php","meta":{"footnotes":""},"class_list":["post-166","page","type-page","status-publish","has-post-thumbnail","hentry"],"translation":{"provider":"WPGlobus","version":"3.0.2","language":"en","enabled_languages":["pt","en"],"languages":{"pt":{"title":true,"content":true,"excerpt":false},"en":{"title":true,"content":true,"excerpt":false}}},"jetpack-related-posts":[{"id":70,"url":"https:\/\/casadopomar.pt\/en\/welcome-to-palmeria-hotel\/get-in-touch\/","url_meta":{"origin":166,"position":0},"title":"Get in Touch","author":"Lupi Clarke","date":"13. 11. 2018","format":false,"excerpt":"{:pt} Entre em contacto connosco e fique deslumbrado com as surpresas que temos para si. D\u00ea uma espreitadela tamb\u00e9m nas nossas redes sociais deixe o seu coment\u00e1rio e fa\u00e7a a sua reserva!\u00a0 Agradecemos e apreciamos a sua opini\u00e3o e coment\u00e1rios! At\u00e9 j\u00e1! Morada R. do Pomar 3, 2640-577 Mafra, Portugal\u2026","rel":"","context":"Similar post","block_context":{"text":"Similar post","link":""},"img":{"alt_text":"","src":"https:\/\/i0.wp.com\/casadopomar.pt\/wp-content\/uploads\/2023\/03\/CASADOPOMAR-MAFRA-15.jpg?fit=1200%2C800&ssl=1&resize=350%2C200","width":350,"height":200,"srcset":"https:\/\/i0.wp.com\/casadopomar.pt\/wp-content\/uploads\/2023\/03\/CASADOPOMAR-MAFRA-15.jpg?fit=1200%2C800&ssl=1&resize=350%2C200 1x, https:\/\/i0.wp.com\/casadopomar.pt\/wp-content\/uploads\/2023\/03\/CASADOPOMAR-MAFRA-15.jpg?fit=1200%2C800&ssl=1&resize=525%2C300 1.5x, https:\/\/i0.wp.com\/casadopomar.pt\/wp-content\/uploads\/2023\/03\/CASADOPOMAR-MAFRA-15.jpg?fit=1200%2C800&ssl=1&resize=700%2C400 2x, https:\/\/i0.wp.com\/casadopomar.pt\/wp-content\/uploads\/2023\/03\/CASADOPOMAR-MAFRA-15.jpg?fit=1200%2C800&ssl=1&resize=1050%2C600 3x"},"classes":[]}],"jetpack_sharing_enabled":true,"_links":{"self":[{"href":"https:\/\/casadopomar.pt\/en\/wp-json\/wp\/v2\/pages\/166","targetHints":{"allow":["GET"]}}],"collection":[{"href":"https:\/\/casadopomar.pt\/en\/wp-json\/wp\/v2\/pages"}],"about":[{"href":"https:\/\/casadopomar.pt\/en\/wp-json\/wp\/v2\/types\/page"}],"author":[{"embeddable":true,"href":"https:\/\/casadopomar.pt\/en\/wp-json\/wp\/v2\/users\/2"}],"replies":[{"embeddable":true,"href":"https:\/\/casadopomar.pt\/en\/wp-json\/wp\/v2\/comments?post=166"}],"version-history":[{"count":36,"href":"https:\/\/casadopomar.pt\/en\/wp-json\/wp\/v2\/pages\/166\/revisions"}],"predecessor-version":[{"id":884,"href":"https:\/\/casadopomar.pt\/en\/wp-json\/wp\/v2\/pages\/166\/revisions\/884"}],"wp:featuredmedia":[{"embeddable":true,"href":"https:\/\/casadopomar.pt\/en\/wp-json\/wp\/v2\/media\/642"}],"wp:attachment":[{"href":"https:\/\/casadopomar.pt\/en\/wp-json\/wp\/v2\/media?parent=166"}],"curies":[{"name":"wp","href":"https:\/\/api.w.org\/{rel}","templated":true}]}}