{"id":583,"date":"2018-11-13T11:12:41","date_gmt":"2018-11-13T11:12:41","guid":{"rendered":"https:\/\/themes.getmotopress.com\/palmeria\/accommodations\/"},"modified":"2023-03-24T16:45:51","modified_gmt":"2023-03-24T15:45:51","slug":"rooms","status":"publish","type":"page","link":"https:\/\/casadopomar.pt\/en\/welcome-to-palmeria-hotel\/rooms\/","title":{"rendered":"Rooms &#038; Suites"},"content":{"rendered":"\n<figure class=\"wp-block-image size-large\"><img data-recalc-dims=\"1\" loading=\"lazy\" decoding=\"async\" width=\"672\" height=\"448\" src=\"https:\/\/i0.wp.com\/casadopomar.pt\/wp-content\/uploads\/2023\/03\/CASADOPOMAR-MAFRA-1.jpg?resize=672%2C448&#038;ssl=1\" alt=\"\" class=\"wp-image-871\" srcset=\"https:\/\/i0.wp.com\/casadopomar.pt\/wp-content\/uploads\/2023\/03\/CASADOPOMAR-MAFRA-1.jpg?resize=1024%2C683&amp;ssl=1 1024w, https:\/\/i0.wp.com\/casadopomar.pt\/wp-content\/uploads\/2023\/03\/CASADOPOMAR-MAFRA-1.jpg?resize=300%2C200&amp;ssl=1 300w, https:\/\/i0.wp.com\/casadopomar.pt\/wp-content\/uploads\/2023\/03\/CASADOPOMAR-MAFRA-1.jpg?resize=768%2C512&amp;ssl=1 768w, https:\/\/i0.wp.com\/casadopomar.pt\/wp-content\/uploads\/2023\/03\/CASADOPOMAR-MAFRA-1.jpg?resize=1536%2C1024&amp;ssl=1 1536w, https:\/\/i0.wp.com\/casadopomar.pt\/wp-content\/uploads\/2023\/03\/CASADOPOMAR-MAFRA-1.jpg?resize=892%2C594&amp;ssl=1 892w, https:\/\/i0.wp.com\/casadopomar.pt\/wp-content\/uploads\/2023\/03\/CASADOPOMAR-MAFRA-1.jpg?resize=150%2C100&amp;ssl=1 150w, https:\/\/i0.wp.com\/casadopomar.pt\/wp-content\/uploads\/2023\/03\/CASADOPOMAR-MAFRA-1.jpg?w=2048&amp;ssl=1 2048w, https:\/\/i0.wp.com\/casadopomar.pt\/wp-content\/uploads\/2023\/03\/CASADOPOMAR-MAFRA-1.jpg?w=1344&amp;ssl=1 1344w\" sizes=\"auto, (max-width: 672px) 100vw, 672px\" \/><\/figure>\n\n\n\n<figure class=\"wp-block-image size-large\"><img data-recalc-dims=\"1\" loading=\"lazy\" decoding=\"async\" width=\"672\" height=\"447\" src=\"https:\/\/i0.wp.com\/casadopomar.pt\/wp-content\/uploads\/2022\/07\/2022-7.png?resize=672%2C447\" alt=\"\" class=\"wp-image-707\" srcset=\"https:\/\/i0.wp.com\/casadopomar.pt\/wp-content\/uploads\/2022\/07\/2022-7.png?w=2102&amp;ssl=1 2102w, https:\/\/i0.wp.com\/casadopomar.pt\/wp-content\/uploads\/2022\/07\/2022-7.png?resize=300%2C200&amp;ssl=1 300w, https:\/\/i0.wp.com\/casadopomar.pt\/wp-content\/uploads\/2022\/07\/2022-7.png?resize=1024%2C681&amp;ssl=1 1024w, https:\/\/i0.wp.com\/casadopomar.pt\/wp-content\/uploads\/2022\/07\/2022-7.png?resize=768%2C511&amp;ssl=1 768w, https:\/\/i0.wp.com\/casadopomar.pt\/wp-content\/uploads\/2022\/07\/2022-7.png?resize=1536%2C1022&amp;ssl=1 1536w, https:\/\/i0.wp.com\/casadopomar.pt\/wp-content\/uploads\/2022\/07\/2022-7.png?resize=2048%2C1362&amp;ssl=1 2048w, https:\/\/i0.wp.com\/casadopomar.pt\/wp-content\/uploads\/2022\/07\/2022-7.png?resize=892%2C594&amp;ssl=1 892w, https:\/\/i0.wp.com\/casadopomar.pt\/wp-content\/uploads\/2022\/07\/2022-7.png?resize=150%2C100&amp;ssl=1 150w, https:\/\/i0.wp.com\/casadopomar.pt\/wp-content\/uploads\/2022\/07\/2022-7.png?w=1344&amp;ssl=1 1344w\" sizes=\"auto, (max-width: 672px) 100vw, 672px\" \/><\/figure>\n\n\n\n<figure class=\"wp-block-image size-large\"><img data-recalc-dims=\"1\" loading=\"lazy\" decoding=\"async\" width=\"672\" height=\"448\" src=\"https:\/\/i0.wp.com\/casadopomar.pt\/wp-content\/uploads\/2022\/07\/WhatsApp-Image-2022-07-24-at-16.01.47.jpeg?resize=672%2C448&#038;ssl=1\" alt=\"\" class=\"wp-image-797\" srcset=\"https:\/\/i0.wp.com\/casadopomar.pt\/wp-content\/uploads\/2022\/07\/WhatsApp-Image-2022-07-24-at-16.01.47.jpeg?resize=1024%2C682&amp;ssl=1 1024w, https:\/\/i0.wp.com\/casadopomar.pt\/wp-content\/uploads\/2022\/07\/WhatsApp-Image-2022-07-24-at-16.01.47.jpeg?resize=300%2C200&amp;ssl=1 300w, https:\/\/i0.wp.com\/casadopomar.pt\/wp-content\/uploads\/2022\/07\/WhatsApp-Image-2022-07-24-at-16.01.47.jpeg?resize=768%2C512&amp;ssl=1 768w, https:\/\/i0.wp.com\/casadopomar.pt\/wp-content\/uploads\/2022\/07\/WhatsApp-Image-2022-07-24-at-16.01.47.jpeg?resize=1536%2C1023&amp;ssl=1 1536w, https:\/\/i0.wp.com\/casadopomar.pt\/wp-content\/uploads\/2022\/07\/WhatsApp-Image-2022-07-24-at-16.01.47.jpeg?resize=892%2C594&amp;ssl=1 892w, https:\/\/i0.wp.com\/casadopomar.pt\/wp-content\/uploads\/2022\/07\/WhatsApp-Image-2022-07-24-at-16.01.47.jpeg?resize=150%2C100&amp;ssl=1 150w, https:\/\/i0.wp.com\/casadopomar.pt\/wp-content\/uploads\/2022\/07\/WhatsApp-Image-2022-07-24-at-16.01.47.jpeg?w=1600&amp;ssl=1 1600w, https:\/\/i0.wp.com\/casadopomar.pt\/wp-content\/uploads\/2022\/07\/WhatsApp-Image-2022-07-24-at-16.01.47.jpeg?w=1344&amp;ssl=1 1344w\" sizes=\"auto, (max-width: 672px) 100vw, 672px\" \/><\/figure>\n","protected":false},"excerpt":{"rendered":"","protected":false},"author":2,"featured_media":871,"parent":42,"menu_order":1,"comment_status":"closed","ping_status":"closed","template":"template-wide-page.php","meta":{"footnotes":""},"class_list":["post-583","page","type-page","status-publish","has-post-thumbnail","hentry"],"translation":{"provider":"WPGlobus","version":"3.0.2","language":"en","enabled_languages":["pt","en"],"languages":{"pt":{"title":true,"content":true,"excerpt":false},"en":{"title":true,"content":true,"excerpt":false}}},"jetpack-related-posts":[{"id":70,"url":"https:\/\/casadopomar.pt\/en\/welcome-to-palmeria-hotel\/get-in-touch\/","url_meta":{"origin":583,"position":0},"title":"Get in Touch","author":"Lupi Clarke","date":"13. 11. 2018","format":false,"excerpt":"{:pt} Entre em contacto connosco e fique deslumbrado com as surpresas que temos para si. D\u00ea uma espreitadela tamb\u00e9m nas nossas redes sociais deixe o seu coment\u00e1rio e fa\u00e7a a sua reserva!\u00a0 Agradecemos e apreciamos a sua opini\u00e3o e coment\u00e1rios! At\u00e9 j\u00e1! Morada R. do Pomar 3, 2640-577 Mafra, Portugal\u2026","rel":"","context":"Similar post","block_context":{"text":"Similar post","link":""},"img":{"alt_text":"","src":"https:\/\/i0.wp.com\/casadopomar.pt\/wp-content\/uploads\/2023\/03\/CASADOPOMAR-MAFRA-15.jpg?fit=1200%2C800&ssl=1&resize=350%2C200","width":350,"height":200,"srcset":"https:\/\/i0.wp.com\/casadopomar.pt\/wp-content\/uploads\/2023\/03\/CASADOPOMAR-MAFRA-15.jpg?fit=1200%2C800&ssl=1&resize=350%2C200 1x, https:\/\/i0.wp.com\/casadopomar.pt\/wp-content\/uploads\/2023\/03\/CASADOPOMAR-MAFRA-15.jpg?fit=1200%2C800&ssl=1&resize=525%2C300 1.5x, https:\/\/i0.wp.com\/casadopomar.pt\/wp-content\/uploads\/2023\/03\/CASADOPOMAR-MAFRA-15.jpg?fit=1200%2C800&ssl=1&resize=700%2C400 2x, https:\/\/i0.wp.com\/casadopomar.pt\/wp-content\/uploads\/2023\/03\/CASADOPOMAR-MAFRA-15.jpg?fit=1200%2C800&ssl=1&resize=1050%2C600 3x"},"classes":[]},{"id":166,"url":"https:\/\/casadopomar.pt\/en\/contact\/","url_meta":{"origin":583,"position":1},"title":"Contact","author":"Lupi Clarke","date":"13. 11. 2018","format":false,"excerpt":"{:pt} Estamos sempre perto de ti, \u00e0 dist\u00e2ncia de um clique, um telefonema, ou mesmo de um passeio A Casa do Pomar fica localizada na Vila de Mafra apenas 10 minutos das fant\u00e1sticas praias da Ericeira.Este projeto nasceu da Simone, uma aventureira que adora viajar e conhecer novos lugares, novas\u2026","rel":"","context":"Similar post","block_context":{"text":"Similar post","link":""},"img":{"alt_text":"","src":"https:\/\/i0.wp.com\/casadopomar.pt\/wp-content\/uploads\/2022\/07\/casadopomar-1.png?fit=1200%2C800&ssl=1&resize=350%2C200","width":350,"height":200,"srcset":"https:\/\/i0.wp.com\/casadopomar.pt\/wp-content\/uploads\/2022\/07\/casadopomar-1.png?fit=1200%2C800&ssl=1&resize=350%2C200 1x, https:\/\/i0.wp.com\/casadopomar.pt\/wp-content\/uploads\/2022\/07\/casadopomar-1.png?fit=1200%2C800&ssl=1&resize=525%2C300 1.5x, https:\/\/i0.wp.com\/casadopomar.pt\/wp-content\/uploads\/2022\/07\/casadopomar-1.png?fit=1200%2C800&ssl=1&resize=700%2C400 2x, https:\/\/i0.wp.com\/casadopomar.pt\/wp-content\/uploads\/2022\/07\/casadopomar-1.png?fit=1200%2C800&ssl=1&resize=1050%2C600 3x"},"classes":[]}],"jetpack_sharing_enabled":true,"_links":{"self":[{"href":"https:\/\/casadopomar.pt\/en\/wp-json\/wp\/v2\/pages\/583","targetHints":{"allow":["GET"]}}],"collection":[{"href":"https:\/\/casadopomar.pt\/en\/wp-json\/wp\/v2\/pages"}],"about":[{"href":"https:\/\/casadopomar.pt\/en\/wp-json\/wp\/v2\/types\/page"}],"author":[{"embeddable":true,"href":"https:\/\/casadopomar.pt\/en\/wp-json\/wp\/v2\/users\/2"}],"replies":[{"embeddable":true,"href":"https:\/\/casadopomar.pt\/en\/wp-json\/wp\/v2\/comments?post=583"}],"version-history":[{"count":16,"href":"https:\/\/casadopomar.pt\/en\/wp-json\/wp\/v2\/pages\/583\/revisions"}],"predecessor-version":[{"id":886,"href":"https:\/\/casadopomar.pt\/en\/wp-json\/wp\/v2\/pages\/583\/revisions\/886"}],"up":[{"embeddable":true,"href":"https:\/\/casadopomar.pt\/en\/wp-json\/wp\/v2\/pages\/42"}],"wp:featuredmedia":[{"embeddable":true,"href":"https:\/\/casadopomar.pt\/en\/wp-json\/wp\/v2\/media\/871"}],"wp:attachment":[{"href":"https:\/\/casadopomar.pt\/en\/wp-json\/wp\/v2\/media?parent=583"}],"curies":[{"name":"wp","href":"https:\/\/api.w.org\/{rel}","templated":true}]}}